{"id":17,"date":"2025-09-09T04:09:28","date_gmt":"2025-09-09T04:09:28","guid":{"rendered":"https:\/\/phananhduc.com\/?page_id=17"},"modified":"2025-09-15T01:54:48","modified_gmt":"2025-09-15T01:54:48","slug":"trang-chu","status":"publish","type":"page","link":"https:\/\/phananhduc.com\/index.php\/trang-chu\/","title":{"rendered":"Trang ch\u1ee7"},"content":{"rendered":"\n<p>Xin ch\u00e0o, t\u00f4i l\u00e0 <strong>\u0110\u1ee9c<\/strong> \u2013 m\u1ed9t b\u00e1c s\u0129 t\u1ed1t nghi\u1ec7p t\u1eeb <strong>H\u1ecdc vi\u1ec7n Qu\u00e2n y<\/strong>. T\u00f4i tin r\u1eb1ng s\u1ee9c kh\u1ecfe l\u00e0 h\u00e0nh trang qu\u00fd gi\u00e1 nh\u1ea5t m\u00e0 m\u1ed7i ng\u01b0\u1eddi c\u00f3 th\u1ec3 mang theo trong su\u1ed1t cu\u1ed9c \u0111\u1eddi. Thay v\u00ec nh\u1eefng l\u1eddi khuy\u00ean kh\u00f4 khan, t\u00f4i mu\u1ed1n bi\u1ebfn ki\u1ebfn th\u1ee9c y khoa th\u00e0nh nh\u1eefng chia s\u1ebb nh\u1eb9 nh\u00e0ng, d\u1ec5 hi\u1ec3u v\u00e0 g\u1ea7n g\u0169i, \u0111\u1ec3 ai c\u0169ng c\u00f3 th\u1ec3 \u00e1p d\u1ee5ng trong cu\u1ed9c s\u1ed1ng h\u1eb1ng ng\u00e0y. N\u1ebfu b\u1ea1n c\u0169ng tin r\u1eb1ng <strong>s\u1ed1ng kh\u1ecfe l\u00e0 s\u1ed1ng h\u1ea1nh ph\u00fac<\/strong>, h\u00e3y \u0111\u1ed3ng h\u00e0nh c\u00f9ng t\u00f4i tr\u00ean h\u00e0nh tr\u00ecnh n\u00e0y. Bi\u1ebft \u0111\u00e2u, m\u1ed9t b\u00e0i vi\u1ebft nh\u1ecf h\u00f4m nay s\u1ebd l\u00e0 \u0111i\u1ec1u gi\u00fap b\u1ea1n kh\u1ecfe m\u1ea1nh h\u01a1n ng\u00e0y mai. \ud83c\udf31<\/p>\n\n\n\n<p><\/p>\n","protected":false},"excerpt":{"rendered":"<p>Xin ch\u00e0o, t\u00f4i l\u00e0 \u0110\u1ee9c \u2013 m\u1ed9t b\u00e1c s\u0129 t\u1ed1t nghi\u1ec7p t\u1eeb H\u1ecdc vi\u1ec7n Qu\u00e2n y. T\u00f4i tin r\u1eb1ng s\u1ee9c kh\u1ecfe l\u00e0 h\u00e0nh trang qu\u00fd gi\u00e1 nh\u1ea5t m\u00e0 m\u1ed7i ng\u01b0\u1eddi c\u00f3 th\u1ec3 mang theo trong &hellip; <\/p>\n","protected":false},"author":1,"featured_media":0,"parent":0,"menu_order":0,"comment_status":"closed","ping_status":"closed","template":"","meta":{"footnotes":""},"class_list":["post-17","page","type-page","status-publish","hentry"],"_links":{"self":[{"href":"https:\/\/phananhduc.com\/index.php\/wp-json\/wp\/v2\/pages\/17","targetHints":{"allow":["GET"]}}],"collection":[{"href":"https:\/\/phananhduc.com\/index.php\/wp-json\/wp\/v2\/pages"}],"about":[{"href":"https:\/\/phananhduc.com\/index.php\/wp-json\/wp\/v2\/types\/page"}],"author":[{"embeddable":true,"href":"https:\/\/phananhduc.com\/index.php\/wp-json\/wp\/v2\/users\/1"}],"replies":[{"embeddable":true,"href":"https:\/\/phananhduc.com\/index.php\/wp-json\/wp\/v2\/comments?post=17"}],"version-history":[{"count":5,"href":"https:\/\/phananhduc.com\/index.php\/wp-json\/wp\/v2\/pages\/17\/revisions"}],"predecessor-version":[{"id":73,"href":"https:\/\/phananhduc.com\/index.php\/wp-json\/wp\/v2\/pages\/17\/revisions\/73"}],"wp:attachment":[{"href":"https:\/\/phananhduc.com\/index.php\/wp-json\/wp\/v2\/media?parent=17"}],"curies":[{"name":"wp","href":"https:\/\/api.w.org\/{rel}","templated":true}]}}